{"id":49,"date":"2015-01-25T15:18:00","date_gmt":"2015-01-25T15:18:00","guid":{"rendered":"http:\/\/www.truntschka.info\/wp\/?page_id=49"},"modified":"2022-06-19T19:03:08","modified_gmt":"2022-06-19T17:03:08","slug":"impressum","status":"publish","type":"page","link":"https:\/\/www.truntschka.info\/wp\/?page_id=49","title":{"rendered":"Impressum"},"content":{"rendered":"<p><span style=\"color: #993366; font-size: 18px;\"><strong>Verantwortlich f\u00fcr die Internetseite und deren Inhalt<\/strong><\/span><\/p>\n<p><span style=\"color: #993366; font-size: 18px;\"><strong>\u00a0<\/strong><\/span><\/p>\n<p><span style=\"color: #993366; font-size: 18px;\">Certified Quantum Entrainment Practitioner<\/span><\/p>\n<p><span style=\"color: #993366; font-size: 18px;\">Karin Truntschka<\/span><br \/>\n<span style=\"color: #993366; font-size: 18px;\">Am Kunzengarten 47<\/span><br \/>\n<span style=\"color: #993366; font-size: 18px;\">65936 Frankfurt am Main<\/span><\/p>\n<p><span style=\"color: #993366; font-size: 18px;\">E-Mail: <a style=\"color: #993366;\" href=\"mailto:karin.truntschka@icloud.com\">karin.truntschka@icloud.com<\/a><\/span><\/p>\n<p><span style=\"color: #993366; font-size: 18px;\">Internet: <a style=\"color: #993366;\" href=\"https:\/\/www.truntschka.info\">https:\/\/www.truntschka.info<\/a><\/span><\/p>\n<p><span style=\"color: #993366; font-size: 18px;\"><strong>Eingetragene Marken<\/strong><\/span><\/p>\n<p><span style=\"color: #993366; font-size: 18px;\">Quantum Entrainment\u00ae, QE\u00ae, QE Intention\u00ae und Eufeeling\u00ae sind international registrierte Wortmarken von Dr. Frank Kinslow.<\/span><\/p>\n<p><span style=\"color: #993366; font-size: 18px;\"><strong>Hinweis zur Datenverarbeitung<\/strong><\/span><\/p>\n<p><span style=\"color: #993366; font-size: 18px;\">Nachstehend informiere ich umfassend \u00fcber den Umgang und den Zweck, der im Rahmen der Nutzung meiner Internetseite erhobenen Daten, sowie die damit verbundenen Rechte des Nutzers.<\/span><\/p>\n<p><span style=\"color: #993366; font-size: 18px;\"><strong>Datenschutz<\/strong><\/span><\/p>\n<p><span style=\"color: #993366; font-size: 18px;\">Die Erhebung und Nutzung der Nutzerdaten erfolgt streng nach den Vorgaben des Bundesdatenschutzgesetzes (BDSG) sowie der Datenschutz Grundverordnung (DSGVO).<\/span><\/p>\n<p><span style=\"color: #993366; font-size: 18px;\">Ich f\u00fchle mich der Vertraulichkeit der personenbezogenen Nutzerdaten besonders verpflichtet. Ich arbeite streng innerhalb der Grenzen, die die gesetzlichen Vorgaben mir setzen. Die Erhebung personenbezogener Daten erfolgt, soweit m\u00f6glich, stets auf freiwilliger Basis. Ich weise darauf hin, dass die Daten\u00fcbertragung im Internet (z.B. bei der Kommunikation per E-Mail) Sicherheitsl\u00fccken aufweisen kann. Ein v\u00f6lliger Schutz der Daten vor dem Zugriff dritter ist nicht m\u00f6glich.<\/span><\/p>\n<p><span style=\"color: #993366; font-size: 18px;\"><strong>Cookies<\/strong><\/span><\/p>\n<p><span style=\"color: #993366; font-size: 18px;\">Ich verwende keine Cookies. Demzufolge werden keine Cookies auf dem Rechner der Nutzer meiner Internetseite abgelegt.<\/span><\/p>\n<p><span style=\"color: #993366; font-size: 18px;\"><strong>Server-Log-Files<\/strong><\/span><\/p>\n<p><span style=\"color: #993366; font-size: 18px;\">Der Provider meiner Internetseite erhebt und speichert automatisch Informationen in sogenannten Log-Files, die der Browser der Nutzer meiner Internetseite automatisch \u00fcbermittelt.<\/span><\/p>\n<p><span style=\"color: #993366; font-size: 18px;\">Diese sind:<\/span><\/p>\n<ul>\n<li><span style=\"color: #993366; font-size: 18px;\">Browsertyp und Browserversion<\/span><\/li>\n<li><span style=\"color: #993366; font-size: 18px;\">Verwendetes Betriebssystem<\/span><\/li>\n<li><span style=\"color: #993366; font-size: 18px;\">Die zuvor besuchte Internetseite (URL)<\/span><\/li>\n<li><span style=\"color: #993366; font-size: 18px;\">Hostname des zugreifenden Rechners (IP-Adresse)<\/span><\/li>\n<li><span style=\"color: #993366; font-size: 18px;\">Uhrzeit der Serveranfrage<\/span><\/li>\n<\/ul>\n<p><span style=\"color: #993366; font-size: 18px;\">Diese Daten k\u00f6nnen keiner bestimmten Person zugeordnet werden. Eine Zusammenf\u00fchrung der o.g. Daten mit anderen Datenquellen wird nicht vorgenommen. Ich behalte mir vor, diese Daten nachtr\u00e4glich zu pr\u00fcfen, wenn mir konkrete Anhaltspunkte f\u00fcr eine rechtswidrige Nutzung bekannt werden.<\/span><\/p>\n<p><span style=\"color: #993366; font-size: 18px;\"><strong>Auskunft, L\u00f6schung, Sperrung<\/strong><\/span><\/p>\n<p><span style=\"color: #993366; font-size: 18px;\">Der Nutzer meiner Internetseite hat jederzeit das Recht auf unentgeltliche Auskunft \u00fcber die von mir gespeicherten personen-bezogenen Daten zu seiner Person. Sowie dem Zweck der Datener-hebung sowie Datenverarbeitung. Au\u00dferdem hat der Nutzer das Recht, die Berichtigung, die Sperrung oder L\u00f6schung seiner Daten zu verlangen. F\u00fcr alle Fragen und Anliegen zur Berichtigung, Sperrung oder L\u00f6schung von personenbezogenen Daten wenden Sie sich bitte an die im Impres-sum genannte Adresse.<\/span><\/p>\n<p><span style=\"color: #993366; font-size: 18px;\"><strong>Personenbezogene Daten<\/strong><\/span><\/p>\n<p><span style=\"color: #993366; font-size: 18px;\">Personenbezogene Daten erhebe ich im Rahmen der Internetseite nicht. Regelm\u00e4\u00dfig kann meine Internetseite ohne Weitergabe pers\u00f6nlicher Daten genutzt werde.<\/span><\/p>\n<p><span style=\"color: #993366; font-size: 18px;\">Wenn ich personenbezogene Daten erhebe -etwa den Nutzernamen, Anschrift oder E-Mail-Adresse \u2013 erfolgt diese Datenerhebung freiwillig. Ohne eine ausdr\u00fccklich erteilte Zustimmung von Seite des Nutzers werden diese Daten Dritten nicht zur Kenntnis gebracht. Ich bitte zu beachten, da\u00df Daten im Internet allgemein nicht sicher \u00fcbertragen werden.<\/span><\/p>\n","protected":false},"excerpt":{"rendered":"<p>Verantwortlich f\u00fcr die Internetseite und deren Inhalt \u00a0 Certified Quantum Entrainment Practitioner Karin Truntschka Am Kunzengarten 47 65936 Frankfurt am Main E-Mail: karin.truntschka@icloud.com Internet: https:\/\/www.truntschka.info Eingetragene Marken Quantum Entrainment\u00ae, QE\u00ae, [&hellip;]<\/p>\n","protected":false},"author":1,"featured_media":0,"parent":0,"menu_order":0,"comment_status":"closed","ping_status":"closed","template":"","meta":{"footnotes":""},"class_list":["post-49","page","type-page","status-publish"],"_links":{"self":[{"href":"https:\/\/www.truntschka.info\/wp\/index.php?rest_route=\/wp\/v2\/pages\/49","targetHints":{"allow":["GET"]}}],"collection":[{"href":"https:\/\/www.truntschka.info\/wp\/index.php?rest_route=\/wp\/v2\/pages"}],"about":[{"href":"https:\/\/www.truntschka.info\/wp\/index.php?rest_route=\/wp\/v2\/types\/page"}],"author":[{"embeddable":true,"href":"https:\/\/www.truntschka.info\/wp\/index.php?rest_route=\/wp\/v2\/users\/1"}],"replies":[{"embeddable":true,"href":"https:\/\/www.truntschka.info\/wp\/index.php?rest_route=%2Fwp%2Fv2%2Fcomments&post=49"}],"version-history":[{"count":11,"href":"https:\/\/www.truntschka.info\/wp\/index.php?rest_route=\/wp\/v2\/pages\/49\/revisions"}],"predecessor-version":[{"id":570,"href":"https:\/\/www.truntschka.info\/wp\/index.php?rest_route=\/wp\/v2\/pages\/49\/revisions\/570"}],"wp:attachment":[{"href":"https:\/\/www.truntschka.info\/wp\/index.php?rest_route=%2Fwp%2Fv2%2Fmedia&parent=49"}],"curies":[{"name":"wp","href":"https:\/\/api.w.org\/{rel}","templated":true}]}}