{"id":159,"date":"2016-10-30T11:16:56","date_gmt":"2016-10-30T11:16:56","guid":{"rendered":"http:\/\/www.truntschka.info\/wp\/?page_id=159"},"modified":"2021-10-31T17:31:23","modified_gmt":"2021-10-31T16:31:23","slug":"ueber-mich","status":"publish","type":"page","link":"https:\/\/www.truntschka.info\/wp\/?page_id=159","title":{"rendered":"\u00fcber mich"},"content":{"rendered":"<p><strong><span style=\"font-size: 18px; color: #993366;\">Mein Name ist Karin Truntschka, <\/span><\/strong><strong><span style=\"font-size: 18px; color: #993366;\">ich komme aus Frankfurt am Main.<\/span><\/strong><\/p>\n<p><span style=\"font-size: 18px; color: #993366;\"><img loading=\"lazy\" decoding=\"async\" class=\"size-medium wp-image-199 alignleft\" src=\"https:\/\/www.truntschka.info\/wp\/wp-content\/uploads\/2016\/11\/karin_frank_2_web-263x300.jpg\" alt=\"karin_frank_2_web\" width=\"263\" height=\"300\" srcset=\"https:\/\/www.truntschka.info\/wp\/wp-content\/uploads\/2016\/11\/karin_frank_2_web-263x300.jpg 263w, https:\/\/www.truntschka.info\/wp\/wp-content\/uploads\/2016\/11\/karin_frank_2_web.jpg 300w\" sizes=\"auto, (max-width: 263px) 100vw, 263px\" \/><\/span><\/p>\n<p><strong><span style=\"font-size: 18px; color: #993366;\">Das Buch \u201eQuantenheilung\u201c von Dr. Frank Kinslow entdeckte ich im Jahr 2009.<\/span><\/strong><\/p>\n<p><strong><span style=\"font-size: 18px; color: #993366;\">Diese einfache, leichte Methode weckte mein Interesse und ich besuchte das 1. Seminar beim Frankfurter Ring. Darauf folgten viele weitere Seminare hier in Deutschland, aber auch ein Retreat in Florida.<\/span><\/strong><\/p>\n<p><strong><span style=\"font-size: 18px; color: #993366;\">Ich habe viele \u00dcbungsgruppen aufgesucht um ganz viel Erfahrung mit der Anwendung von QE zu sammeln und um mich mit anderen Teilnehmern dort auszutauschen.<\/span><\/strong><\/p>\n<p><strong><span style=\"font-size: 18px; color: #993366;\">Danach begann meine Ausbildung bei Frank zum Certified Quantum Entrainment Practitioner, die ich am 10. April 2011 erfolgreich abschloss.<\/span><\/strong><\/p>\n<p><strong><span style=\"font-size: 18px; color: #993366;\">Seit dieser Zeit gebe ich Einzel &#8211; und Fernbehandlungen.<\/span><\/strong><\/p>\n<p><strong><span style=\"font-size: 18px; color: #993366;\">Im Januar 2013 gr\u00fcndete ich eine QE &#8211; \u00dcbungsgruppe in Frankfurt am Main, unter meiner Leitung.<\/span><\/strong><\/p>\n<p><strong><span style=\"font-size: 18px; color: #993366;\">Diese Treffen fanden einmal monatlich statt. Die Teilnehmerinnen und Teilnehmer kamen nicht nur aus Frankfurt oder dem Rhein-Main-Gebiet, sondern auch noch aus einem weiteren Umkreis.<\/span><\/strong><\/p>\n<p><strong><span style=\"font-size: 18px; color: #993366;\">Seit November 2020 biete ich jetzt die QE &#8211; \u00dcbungstreffen online an \u00fcber Zoom, einmal im Monat immer sonntags von 11:00 Uhr bis 12:30 Uhr.<\/span><\/strong><\/p>\n<p><strong><span style=\"font-size: 18px; color: #993366;\">Auf meiner Startseite ist immer der neue aktuelle Termin angegeben. <img loading=\"lazy\" decoding=\"async\" class=\"size-full wp-image-196 alignright\" src=\"https:\/\/www.truntschka.info\/wp\/wp-content\/uploads\/2016\/11\/karin_qe_gruppe_klein_2.jpg\" alt=\"\" width=\"151\" height=\"200\" \/><br \/>\n<\/span><\/strong><\/p>\n<p><strong><span style=\"font-size: 18px; color: #993366;\">Wer hier in dem kraftvollen Energiefeld (N2 Effekt) der gro\u00dfen Gruppe die verschiedenen Anwendungsm\u00f6glichkeiten und Anwendungstechniken von Quantum Entrainment (QE) kennen lernen oder intensivieren m\u00f6chte, ist herzlich eingeladen, diesen Erfahrungsraum zu betreten.<\/span><\/strong><\/p>\n<p><strong><span style=\"font-size: 18px; color: #993366;\">Auch f\u00fcr diejenigen, die QE schon l\u00e4nger nicht mehr praktiziert haben, bietet sich hier die M\u00f6glichkeit, das Eu-Gef\u00fchl wieder m\u00fchelos und leicht neu zu entdecken und zu erleben!<\/span><\/strong><\/p>\n<p><strong><span style=\"font-size: 18px; color: #993366;\">Die Gruppe darf immer noch wachsen, jeder ist herzlich willkommen!<\/span><\/strong><\/p>\n<p><strong><span style=\"font-size: 18px; color: #993366;\">So viel Gutes und Sch\u00f6nes darf geschehen zum h\u00f6chsten Wohle von Allem was ist.<\/span><\/strong><\/p>\n<p><strong><span style=\"font-size: 18px; color: #993366;\">Ich freue mich \u00fcber Ihr Interesse und Ihre Anmeldung!<\/span><\/strong><\/p>\n","protected":false},"excerpt":{"rendered":"<p>Mein Name ist Karin Truntschka, ich komme aus Frankfurt am Main. Das Buch \u201eQuantenheilung\u201c von Dr. Frank Kinslow entdeckte ich im Jahr 2009. Diese einfache, leichte Methode weckte mein Interesse [&hellip;]<\/p>\n","protected":false},"author":1,"featured_media":0,"parent":0,"menu_order":0,"comment_status":"closed","ping_status":"closed","template":"","meta":{"footnotes":""},"class_list":["post-159","page","type-page","status-publish"],"_links":{"self":[{"href":"https:\/\/www.truntschka.info\/wp\/index.php?rest_route=\/wp\/v2\/pages\/159","targetHints":{"allow":["GET"]}}],"collection":[{"href":"https:\/\/www.truntschka.info\/wp\/index.php?rest_route=\/wp\/v2\/pages"}],"about":[{"href":"https:\/\/www.truntschka.info\/wp\/index.php?rest_route=\/wp\/v2\/types\/page"}],"author":[{"embeddable":true,"href":"https:\/\/www.truntschka.info\/wp\/index.php?rest_route=\/wp\/v2\/users\/1"}],"replies":[{"embeddable":true,"href":"https:\/\/www.truntschka.info\/wp\/index.php?rest_route=%2Fwp%2Fv2%2Fcomments&post=159"}],"version-history":[{"count":20,"href":"https:\/\/www.truntschka.info\/wp\/index.php?rest_route=\/wp\/v2\/pages\/159\/revisions"}],"predecessor-version":[{"id":544,"href":"https:\/\/www.truntschka.info\/wp\/index.php?rest_route=\/wp\/v2\/pages\/159\/revisions\/544"}],"wp:attachment":[{"href":"https:\/\/www.truntschka.info\/wp\/index.php?rest_route=%2Fwp%2Fv2%2Fmedia&parent=159"}],"curies":[{"name":"wp","href":"https:\/\/api.w.org\/{rel}","templated":true}]}}